{"id":315,"date":"2013-12-05T22:39:07","date_gmt":"2013-12-05T22:39:07","guid":{"rendered":"http:\/\/aldemi.com\/wp\/?page_id=315"},"modified":"2015-12-22T06:18:01","modified_gmt":"2015-12-22T06:18:01","slug":"aviso-de-privacidad","status":"publish","type":"page","link":"http:\/\/aldemi.com\/en\/aviso-de-privacidad\/","title":{"rendered":""},"content":{"rendered":"<h3 style=\"text-align: center;\">AVISO DE PRIVACIDAD<\/h3>\n<p style=\"text-align: justify;\">En cumplimiento con lo dispuesto por la Ley Federal de Protecci\u00f3n de Datos publicada el 05 de Julio de 2010 en el Diario Oficial de la Federaci\u00f3n, le informamos que los datos personales y personales sensibles que sean proporcionados, ser\u00e1n utilizados \u00fanicamente para los fines m\u00e1s adelante mencionados.<br \/>\nUsted tiene derecho a solicitar la limitaci\u00f3n y revocar el consentimiento del uso o divulgaci\u00f3n de la informaci\u00f3n proporcionada, as\u00ed como a reclamar los Derechos ARCO (Acceso, Rectificaci\u00f3n, Cancelaci\u00f3n y Oposici\u00f3n) en t\u00e9rminos de la Ley antes referida, acudiendo a nuestro domicilio, a trav\u00e9s de la l\u00ednea telef\u00f3nica o del correo electr\u00f3nico que se mencionan en el presente Aviso de Privacidad.<\/p>\n<p style=\"text-align: justify;\">El procedimiento para solicitar la limitaci\u00f3n, revocar el consentimiento del uso o divulgaci\u00f3n de la informaci\u00f3n, as\u00ed como el procedimiento para ejercer los Derechos ARCO requiere de la identificaci\u00f3n del Titular o de su Representante Legal para poder atenderle dentro de los plazos establecidos por la Ley y a trav\u00e9s de los medios telef\u00f3nicos o de correo electr\u00f3nico que apliquen en cada caso.<\/p>\n<p style=\"text-align: justify;\"><strong>RESPONSABLE DEL TRATAMIENTO DE SUS DATOS PERSONALES<\/strong><\/p>\n<p style=\"text-align: justify;\">El responsable del tratamiento de sus datos personales ser\u00e1 Aldemi Commodities, S.A. de C.V.<\/p>\n<p style=\"text-align: justify;\"><strong>DOMICILIO<\/strong><\/p>\n<p style=\"text-align: justify;\">Para efectos del presente aviso de privacidad, Aldemi Commodities, S.A. de C.V. se\u00f1ala como su domicilio el ubicado en: Av. Ricardo Margain No. 575 Suite 100 Colonia Santa Engracia San Pedro Garza Garc\u00eda, Nuevo Le\u00f3n Mexico C.P. 66267<\/p>\n<p style=\"text-align: justify;\"><strong>TEL\u00c9FONO Y CORREO ELECTR\u00d3NICO<\/strong><br \/>\nTel\u00e9fono: Tel +52 (81) 1253 7254 \/ 8311 5831<br \/>\nCorreo Electr\u00f3nico: a1@aldemi.com<br \/>\n<strong>DATOS PERSONALES QUE PUEDEN RECABARSE<\/strong><br \/>\nEn la venta de productos y\/o prestaci\u00f3n de servicios, as\u00ed como en todas las operaciones propias de su giro<strong>, Aldemi Commodities, S.A. de C.V.<\/strong> podr\u00e1 recabar los siguientes datos personales:<br \/>\nDatos de Identificaci\u00f3n<br \/>\nDatos de Contacto<br \/>\nDatos Fiscales o de Facturaci\u00f3n<br \/>\nDatos Bancarios Nacionales o Extranjeros<br \/>\nInformaci\u00f3n Curricular (Sensible)<br \/>\nInformaci\u00f3n Patrimonial y Financiera (Sensible)<br \/>\nInformaci\u00f3n M\u00e9dica (Sensible)<br \/>\nInformaci\u00f3n relacionada con la Seguridad Social<br \/>\nInformaci\u00f3n de sus Agentes Aduanales en M\u00e9xico y el Extranjero<br \/>\nInformaci\u00f3n para la venta de los Productos o Prestaci\u00f3n de Servicios propios del giro de la empresa.<br \/>\nNombres de Usuario y datos de acceso a Medios Electr\u00f3nicos.<\/p>\n<p style=\"text-align: justify;\"><strong>FINALIDADES DEL TRATAMIENTO DE SUS DATOS PERSONALES<\/strong><\/p>\n<p style=\"text-align: justify;\">Los datos personales que Aldemi Commodities, S.A. de C.V. recabe ser\u00e1n usados principalmente para:<\/p>\n<p style=\"text-align: justify;\">I.- Finalidades que dan origen y son necesarias para la existencia, mantenimiento y cumplimiento de la relaci\u00f3n jur\u00eddica entre el responsable y titular.<br \/>\n-Reclutamiento y \/ o Selecci\u00f3n de Empleados o Solicitantes de Empleo, Proveedores y Prestadores de Servicio.<br \/>\n-Celebrar diversos contratos y convenios con Empleados, Proveedores, Prestadores de Servicios y terceros en general.<br \/>\n-Cumplir con obligaciones contractuales.<br \/>\n-Env\u00edo de Propuestas Comerciales<br \/>\n-Aclaraciones de Operaciones Comerciales<br \/>\nII. Otras Finalidades.<br \/>\n-Atenci\u00f3n a Clientes, Proveedores y Prestadores de Servicios<br \/>\n-Monitoreo de la Calidad del Servicio al Cliente y Encuestas de Satisfacci\u00f3n<br \/>\n-Env\u00edo de Publicidad y Promociones<br \/>\n-Programas de Lealtad<br \/>\n-Investigaci\u00f3n y Estudios de Mercado<br \/>\nEn caso de que se desee manifestar la negativa para el tratamiento de los Datos Personales con relaci\u00f3n a las finalidades que no son necesarias para la relaci\u00f3n jur\u00eddica entre Aldemi Commodities, S.A. de C.V. y el Titular de dichos Datos, \u00e9ste \u00faltimo podr\u00e1 llevar a cabo la solicitud correspondiente acudiendo a nuestro domicilio, a trav\u00e9s de la l\u00ednea telef\u00f3nica o del correo electr\u00f3nico que se mencionan en el presente aviso.<\/p>\n<p style=\"text-align: justify;\"><strong> TRANSFERENCIA DE DATOS PERSONALES<\/strong><br \/>\nAldemi Commodities, S.A. de C.V. podr\u00e1 transferir sus datos personales a terceros mexicanos o extranjeros, filiales, Instituciones Financieras, proveedores de servicios, subsidiarias, controladoras, asociadas o comisionistas que le provean de servicios necesarios para el manejo de los productos, consultor\u00eda y servicios que le den a su empresa, Servicios de Corresponsal\u00eda Bancaria y Servicios Financieros en General, Prestaci\u00f3n de Servicios Profesionales en materia Fiscal, Comercio Nacional e Internacional, Laboral, Penal, de Sistemas Computacionales, de Servicios M\u00e9dicos, de Mercadotecnia, Log\u00edstica, Servicios de Agente Aduanal Mexicanos o Extranjeros, Administraci\u00f3n, Recursos Humanos, Finanzas, Hedge, Publicidad. En caso de que el titular no est\u00e9 de acuerdo con la transferencia de datos que requieran su consentimiento podr\u00e1 oponerse a dicho tratamiento a trav\u00e9s de los medios referidos en el presente aviso.<\/p>\n<p style=\"text-align: justify;\"><strong>USO DE MECANISMOS DE IDENTIFICACION EN MEDIOS REMOTO.<\/strong><br \/>\nSe hace de su conocimiento que Aldemi Commodities, S.A. de C.V. puede utilizar \u00abcookies\u00bb para confirmar su identificaci\u00f3n, personalizar su acceso a este Portal y revisar su uso, con el solo prop\u00f3sito de mejorar su navegaci\u00f3n y sus condiciones de funcionalidad, toda vez que mediante las citadas \u201ccookies\u201d no se recaban datos personales de los usuarios en t\u00e9rminos de la Ley. Este Portal tiene ligas a otros sitios externos, de los cuales el contenido y pol\u00edticas de privacidad no son responsabilidad de Aldemi Commodities, S.A. de C.V.<\/p>\n<p style=\"text-align: justify;\"><strong> CONSENTIMIENTO<\/strong><br \/>\nMediante el acceso o uso a nuestra web www.aldemi.com , usted reconoce que ha le\u00eddo y conoce el Aviso de Privacidad, y otorga su consentimiento para que sus datos personales sean tratados por Aldemi Commodities, S.A. de C.V. de conformidad con el presente Aviso de Privacidad.<\/p>\n<p style=\"text-align: justify;\"><strong>MODIFICACIONES DEL AVISO DE PRIVACIDAD<\/strong><\/p>\n<p style=\"text-align: justify;\"><strong><\/strong><br \/>\nLos cambios que pudieran efectuarse al presente aviso ser\u00e1n comunicados en su oportunidad por \u00e9ste medio.<\/p>\n","protected":false},"excerpt":{"rendered":"<p>AVISO DE PRIVACIDAD En cumplimiento con lo dispuesto por la Ley Federal de Protecci\u00f3n de Datos publicada el 05 de Julio de 2010 en el Diario Oficial de la Federaci\u00f3n, le informamos que los datos personales y personales sensibles que sean proporcionados, ser\u00e1n utilizados \u00fanicamente para los fines m\u00e1s adelante mencionados. Usted tiene derecho a [&hellip;]<\/p>\n","protected":false},"author":3,"featured_media":0,"parent":0,"menu_order":0,"comment_status":"open","ping_status":"open","template":"","meta":[],"_links":{"self":[{"href":"http:\/\/aldemi.com\/en\/wp-json\/wp\/v2\/pages\/315"}],"collection":[{"href":"http:\/\/aldemi.com\/en\/wp-json\/wp\/v2\/pages"}],"about":[{"href":"http:\/\/aldemi.com\/en\/wp-json\/wp\/v2\/types\/page"}],"author":[{"embeddable":true,"href":"http:\/\/aldemi.com\/en\/wp-json\/wp\/v2\/users\/3"}],"replies":[{"embeddable":true,"href":"http:\/\/aldemi.com\/en\/wp-json\/wp\/v2\/comments?post=315"}],"version-history":[{"count":2,"href":"http:\/\/aldemi.com\/en\/wp-json\/wp\/v2\/pages\/315\/revisions"}],"predecessor-version":[{"id":344,"href":"http:\/\/aldemi.com\/en\/wp-json\/wp\/v2\/pages\/315\/revisions\/344"}],"wp:attachment":[{"href":"http:\/\/aldemi.com\/en\/wp-json\/wp\/v2\/media?parent=315"}],"curies":[{"name":"wp","href":"https:\/\/api.w.org\/{rel}","templated":true}]}}